{"id":136,"date":"2024-04-25T05:27:00","date_gmt":"2024-04-25T08:27:00","guid":{"rendered":"https:\/\/mistyrose-chinchilla-678413.hostingersite.com\/?page_id=136"},"modified":"2025-04-25T16:45:39","modified_gmt":"2025-04-25T19:45:39","slug":"condominial","status":"publish","type":"page","link":"https:\/\/baraunaadvogados.com.br\/index.php\/condominial\/","title":{"rendered":"Condominial"},"content":{"rendered":"\t\t<div data-elementor-type=\"wp-page\" data-elementor-id=\"136\" class=\"elementor elementor-136\" data-elementor-post-type=\"page\">\n\t\t\t\t<div class=\"elementor-element elementor-element-71c098db e-flex e-con-boxed e-con e-parent\" data-id=\"71c098db\" data-element_type=\"container\" data-settings=\"{&quot;background_background&quot;:&quot;classic&quot;}\">\n\t\t\t\t\t<div class=\"e-con-inner\">\n\t\t<div class=\"elementor-element elementor-element-210ef03e e-con-full e-flex e-con e-child\" data-id=\"210ef03e\" data-element_type=\"container\">\n\t\t\t\t<div class=\"elementor-element elementor-element-3b89d861 elementor-headline--style-rotate elementor-widget elementor-widget-animated-headline\" data-id=\"3b89d861\" data-element_type=\"widget\" data-settings=\"{&quot;headline_style&quot;:&quot;rotate&quot;,&quot;animation_type&quot;:&quot;slide&quot;,&quot;loop&quot;:&quot;yes&quot;,&quot;rotate_iteration_delay&quot;:2500}\" data-widget_type=\"animated-headline.default\">\n\t\t\t\t<div class=\"elementor-widget-container\">\n\t\t\t\t\t\t\t<h3 class=\"elementor-headline elementor-headline-animation-type-slide\">\n\t\t\t\t\t<span class=\"elementor-headline-plain-text elementor-headline-text-wrapper\">Direito Condominial<\/span>\n\t\t\t\t<span class=\"elementor-headline-dynamic-wrapper elementor-headline-text-wrapper\">\n\t\t\t\t<\/span>\n\t\t\t\t<\/h3>\n\t\t\t\t\t\t<\/div>\n\t\t\t\t<\/div>\n\t\t\t\t<div class=\"elementor-element elementor-element-77afd5f5 elementor-align-left animated-slow elementor-invisible elementor-widget elementor-widget-button\" data-id=\"77afd5f5\" data-element_type=\"widget\" data-settings=\"{&quot;_animation&quot;:&quot;fadeInLeft&quot;,&quot;_animation_delay&quot;:400}\" data-widget_type=\"button.default\">\n\t\t\t\t<div class=\"elementor-widget-container\">\n\t\t\t\t\t\t\t\t\t<div class=\"elementor-button-wrapper\">\n\t\t\t\t\t<a class=\"elementor-button elementor-button-link elementor-size-lg\" href=\"#\">\n\t\t\t\t\t\t<span class=\"elementor-button-content-wrapper\">\n\t\t\t\t\t\t\t\t\t<span class=\"elementor-button-text\">ENTRE EM CONTATO CONOSCO<\/span>\n\t\t\t\t\t<\/span>\n\t\t\t\t\t<\/a>\n\t\t\t\t<\/div>\n\t\t\t\t\t\t\t\t<\/div>\n\t\t\t\t<\/div>\n\t\t\t\t<\/div>\n\t\t\t\t\t<\/div>\n\t\t\t\t<\/div>\n\t\t<div class=\"elementor-element elementor-element-11edfd98 e-flex e-con-boxed e-con e-parent\" data-id=\"11edfd98\" data-element_type=\"container\" id=\"sobre\" data-settings=\"{&quot;background_background&quot;:&quot;classic&quot;}\">\n\t\t\t\t\t<div class=\"e-con-inner\">\n\t\t<div class=\"elementor-element elementor-element-2235b495 e-con-full e-flex e-con e-child\" data-id=\"2235b495\" data-element_type=\"container\">\n\t\t\t\t<div class=\"elementor-element elementor-element-145ec522 elementor-invisible elementor-widget elementor-widget-heading\" data-id=\"145ec522\" data-element_type=\"widget\" data-settings=\"{&quot;_animation&quot;:&quot;fadeInLeft&quot;}\" data-widget_type=\"heading.default\">\n\t\t\t\t<div class=\"elementor-widget-container\">\n\t\t\t\t\t<h2 class=\"elementor-heading-title elementor-size-default\">Atua\u00e7\u00e3o<\/h2>\t\t\t\t<\/div>\n\t\t\t\t<\/div>\n\t\t\t\t<div class=\"elementor-element elementor-element-12011514 animated-slow elementor-invisible elementor-widget elementor-widget-text-editor\" data-id=\"12011514\" data-element_type=\"widget\" data-settings=\"{&quot;_animation&quot;:&quot;fadeInLeft&quot;,&quot;_animation_delay&quot;:200}\" data-widget_type=\"text-editor.default\">\n\t\t\t\t<div class=\"elementor-widget-container\">\n\t\t\t\t\t\t\t\t\tAs rela\u00e7\u00f5es existentes no \u00e2mbito do condom\u00ednio requerem aten\u00e7\u00e3o e regulamenta\u00e7\u00e3o para evitar e resolver conflitos. Da\u00ed surge a necessidade de uma \u00e1rea especializada do Direito, que \u00e9 o Direito Condominial.\n\nDireito Condominial \u00e9 a \u00e1rea de Direito especializada na regulamenta\u00e7\u00e3o das pr\u00e1ticas, dos direitos e dos deveres de todos que participam do cotidiano em um condom\u00ednio residencial ou comercial, seja gestor ou cond\u00f4minos.\n\n\n\nO advogado especializado em direito condominial atua diretamente nas situa\u00e7\u00f5es de conflito e administrativos e prestando seguran\u00e7a jur\u00eddica para a gest\u00e3o do condom\u00ednio pelo sindico, administradora de condom\u00ednio e at\u00e9 mesmo para o s\u00edndico profissional.\n\nEntre outras, nossas atividades de assessoria incluem:\t\t\t\t\t\t\t\t<\/div>\n\t\t\t\t<\/div>\n\t\t<div class=\"elementor-element elementor-element-5fdbf9f2 e-flex e-con-boxed e-con e-child\" data-id=\"5fdbf9f2\" data-element_type=\"container\">\n\t\t\t\t\t<div class=\"e-con-inner\">\n\t\t<div class=\"elementor-element elementor-element-3eecbd7d e-flex e-con-boxed e-con e-child\" data-id=\"3eecbd7d\" data-element_type=\"container\" data-settings=\"{&quot;background_background&quot;:&quot;classic&quot;}\">\n\t\t\t\t\t<div class=\"e-con-inner\">\n\t\t<div class=\"elementor-element elementor-element-67ae39bb e-con-full e-flex e-con e-child\" data-id=\"67ae39bb\" data-element_type=\"container\" data-settings=\"{&quot;background_background&quot;:&quot;classic&quot;}\">\n\t\t\t\t<div class=\"elementor-element elementor-element-1cf60be0 elementor-widget elementor-widget-image-box\" data-id=\"1cf60be0\" data-element_type=\"widget\" data-widget_type=\"image-box.default\">\n\t\t\t\t<div class=\"elementor-widget-container\">\n\t\t\t\t\t<div class=\"elementor-image-box-wrapper\"><div class=\"elementor-image-box-content\"><h3 class=\"elementor-image-box-title\">Seguran\u00e7a Jur\u00eddica<\/h3><p class=\"elementor-image-box-description\">Orienta\u00e7\u00e3o e assessoria jur\u00eddica preventiva para o sindico e o conselho de administra\u00e7\u00e3o e cond\u00f4minos.<\/p><\/div><\/div>\t\t\t\t<\/div>\n\t\t\t\t<\/div>\n\t\t\t\t<\/div>\n\t\t\t\t\t<\/div>\n\t\t\t\t<\/div>\n\t\t<div class=\"elementor-element elementor-element-3b0b7f35 e-flex e-con-boxed e-con e-child\" data-id=\"3b0b7f35\" data-element_type=\"container\" data-settings=\"{&quot;background_background&quot;:&quot;classic&quot;}\">\n\t\t\t\t\t<div class=\"e-con-inner\">\n\t\t<div class=\"elementor-element elementor-element-2d5df791 e-con-full e-flex e-con e-child\" data-id=\"2d5df791\" data-element_type=\"container\" data-settings=\"{&quot;background_background&quot;:&quot;classic&quot;}\">\n\t\t\t\t<div class=\"elementor-element elementor-element-6f6b2ad4 elementor-widget elementor-widget-image-box\" data-id=\"6f6b2ad4\" data-element_type=\"widget\" data-widget_type=\"image-box.default\">\n\t\t\t\t<div class=\"elementor-widget-container\">\n\t\t\t\t\t<div class=\"elementor-image-box-wrapper\"><div class=\"elementor-image-box-content\"><h3 class=\"elementor-image-box-title\">V\u00edcios construtivos<\/h3><p class=\"elementor-image-box-description\">An\u00e1lise, notifica\u00e7\u00f5es, orienta\u00e7\u00f5es e ajuizamento de a\u00e7\u00f5es referentes \u00e0 v\u00edcios construtivos contra a incorporadora ou construtora.<\/p><\/div><\/div>\t\t\t\t<\/div>\n\t\t\t\t<\/div>\n\t\t\t\t<\/div>\n\t\t\t\t\t<\/div>\n\t\t\t\t<\/div>\n\t\t<div class=\"elementor-element elementor-element-6363957c e-flex e-con-boxed e-con e-child\" data-id=\"6363957c\" data-element_type=\"container\" data-settings=\"{&quot;background_background&quot;:&quot;classic&quot;}\">\n\t\t\t\t\t<div class=\"e-con-inner\">\n\t\t<div class=\"elementor-element elementor-element-4b48a6ed e-con-full e-flex e-con e-child\" data-id=\"4b48a6ed\" data-element_type=\"container\" data-settings=\"{&quot;background_background&quot;:&quot;classic&quot;}\">\n\t\t\t\t<div class=\"elementor-element elementor-element-53eca7e7 elementor-widget elementor-widget-image-box\" data-id=\"53eca7e7\" data-element_type=\"widget\" data-widget_type=\"image-box.default\">\n\t\t\t\t<div class=\"elementor-widget-container\">\n\t\t\t\t\t<div class=\"elementor-image-box-wrapper\"><div class=\"elementor-image-box-content\"><h3 class=\"elementor-image-box-title\">An\u00e1lise de contratos<\/h3><p class=\"elementor-image-box-description\">Incluindo a revis\u00e3o, orienta\u00e7\u00e3o e at\u00e9 a elabora\u00e7\u00e3o de contratos.\n<\/p><\/div><\/div>\t\t\t\t<\/div>\n\t\t\t\t<\/div>\n\t\t\t\t<\/div>\n\t\t\t\t\t<\/div>\n\t\t\t\t<\/div>\n\t\t\t\t\t<\/div>\n\t\t\t\t<\/div>\n\t\t<div class=\"elementor-element elementor-element-6c3c9d92 e-flex e-con-boxed e-con e-child\" data-id=\"6c3c9d92\" data-element_type=\"container\">\n\t\t\t\t\t<div class=\"e-con-inner\">\n\t\t<div class=\"elementor-element elementor-element-36c9e83e e-flex e-con-boxed e-con e-child\" data-id=\"36c9e83e\" data-element_type=\"container\" data-settings=\"{&quot;background_background&quot;:&quot;classic&quot;}\">\n\t\t\t\t\t<div class=\"e-con-inner\">\n\t\t<div class=\"elementor-element elementor-element-11d83505 e-con-full e-flex e-con e-child\" data-id=\"11d83505\" data-element_type=\"container\" data-settings=\"{&quot;background_background&quot;:&quot;classic&quot;}\">\n\t\t\t\t<div class=\"elementor-element elementor-element-46608e0c elementor-widget elementor-widget-image-box\" data-id=\"46608e0c\" data-element_type=\"widget\" data-widget_type=\"image-box.default\">\n\t\t\t\t<div class=\"elementor-widget-container\">\n\t\t\t\t\t<div class=\"elementor-image-box-wrapper\"><div class=\"elementor-image-box-content\"><h3 class=\"elementor-image-box-title\">Multas<\/h3><p class=\"elementor-image-box-description\">Elabora\u00e7\u00e3o e Orienta\u00e7\u00f5es para aplica\u00e7\u00f5es de advert\u00eancias e multas.<\/p><\/div><\/div>\t\t\t\t<\/div>\n\t\t\t\t<\/div>\n\t\t\t\t<\/div>\n\t\t\t\t\t<\/div>\n\t\t\t\t<\/div>\n\t\t<div class=\"elementor-element elementor-element-6217b06e e-flex e-con-boxed e-con e-child\" data-id=\"6217b06e\" data-element_type=\"container\" data-settings=\"{&quot;background_background&quot;:&quot;classic&quot;}\">\n\t\t\t\t\t<div class=\"e-con-inner\">\n\t\t<div class=\"elementor-element elementor-element-2c6f4d58 e-con-full e-flex e-con e-child\" data-id=\"2c6f4d58\" data-element_type=\"container\" data-settings=\"{&quot;background_background&quot;:&quot;classic&quot;}\">\n\t\t\t\t<div class=\"elementor-element elementor-element-595aa1d1 elementor-widget elementor-widget-image-box\" data-id=\"595aa1d1\" data-element_type=\"widget\" data-widget_type=\"image-box.default\">\n\t\t\t\t<div class=\"elementor-widget-container\">\n\t\t\t\t\t<div class=\"elementor-image-box-wrapper\"><div class=\"elementor-image-box-content\"><h3 class=\"elementor-image-box-title\">Cobran\u00e7as<\/h3><p class=\"elementor-image-box-description\">Cobran\u00e7as judiciais e extrajudiciais trabalhando intensamente an redu\u00e7\u00e3o da inadimpl\u00eancia do condom\u00ednio.<\/p><\/div><\/div>\t\t\t\t<\/div>\n\t\t\t\t<\/div>\n\t\t\t\t<\/div>\n\t\t\t\t\t<\/div>\n\t\t\t\t<\/div>\n\t\t<div class=\"elementor-element elementor-element-498799fd e-flex e-con-boxed e-con e-child\" data-id=\"498799fd\" data-element_type=\"container\" data-settings=\"{&quot;background_background&quot;:&quot;classic&quot;}\">\n\t\t\t\t\t<div class=\"e-con-inner\">\n\t\t<div class=\"elementor-element elementor-element-62361afb e-con-full e-flex e-con e-child\" data-id=\"62361afb\" data-element_type=\"container\" data-settings=\"{&quot;background_background&quot;:&quot;classic&quot;}\">\n\t\t\t\t<div class=\"elementor-element elementor-element-5c919c9f elementor-widget elementor-widget-image-box\" data-id=\"5c919c9f\" data-element_type=\"widget\" data-widget_type=\"image-box.default\">\n\t\t\t\t<div class=\"elementor-widget-container\">\n\t\t\t\t\t<div class=\"elementor-image-box-wrapper\"><div class=\"elementor-image-box-content\"><h3 class=\"elementor-image-box-title\">Regimentos<\/h3><p class=\"elementor-image-box-description\">Elabora\u00e7\u00e3o ou altera\u00e7\u00e3o de regimentos internos, conven\u00e7\u00f5es ou estatutos.<\/p><\/div><\/div>\t\t\t\t<\/div>\n\t\t\t\t<\/div>\n\t\t\t\t<\/div>\n\t\t\t\t\t<\/div>\n\t\t\t\t<\/div>\n\t\t\t\t\t<\/div>\n\t\t\t\t<\/div>\n\t\t<div class=\"elementor-element elementor-element-5349b60f e-flex e-con-boxed e-con e-child\" data-id=\"5349b60f\" data-element_type=\"container\">\n\t\t\t\t\t<div class=\"e-con-inner\">\n\t\t<div class=\"elementor-element elementor-element-1deaf403 e-flex e-con-boxed e-con e-child\" data-id=\"1deaf403\" data-element_type=\"container\">\n\t\t\t\t\t<div class=\"e-con-inner\">\n\t\t\t\t\t<\/div>\n\t\t\t\t<\/div>\n\t\t<div class=\"elementor-element elementor-element-4e83d15e e-flex e-con-boxed e-con e-child\" data-id=\"4e83d15e\" data-element_type=\"container\" data-settings=\"{&quot;background_background&quot;:&quot;classic&quot;}\">\n\t\t\t\t\t<div class=\"e-con-inner\">\n\t\t<div class=\"elementor-element elementor-element-6901ea1a e-con-full e-flex e-con e-child\" data-id=\"6901ea1a\" data-element_type=\"container\" data-settings=\"{&quot;background_background&quot;:&quot;classic&quot;}\">\n\t\t\t\t<div class=\"elementor-element elementor-element-897c0da elementor-widget elementor-widget-image-box\" data-id=\"897c0da\" data-element_type=\"widget\" data-widget_type=\"image-box.default\">\n\t\t\t\t<div class=\"elementor-widget-container\">\n\t\t\t\t\t<div class=\"elementor-image-box-wrapper\"><div class=\"elementor-image-box-content\"><h3 class=\"elementor-image-box-title\">Assembleias<\/h3><p class=\"elementor-image-box-description\">Acompanhamento em assembleias gerais ordin\u00e1rias e extraordin\u00e1rias.<\/p><\/div><\/div>\t\t\t\t<\/div>\n\t\t\t\t<\/div>\n\t\t\t\t<\/div>\n\t\t\t\t\t<\/div>\n\t\t\t\t<\/div>\n\t\t<div class=\"elementor-element elementor-element-6a4764f3 e-flex e-con-boxed e-con e-child\" data-id=\"6a4764f3\" data-element_type=\"container\">\n\t\t\t\t\t<div class=\"e-con-inner\">\n\t\t\t\t\t<\/div>\n\t\t\t\t<\/div>\n\t\t\t\t\t<\/div>\n\t\t\t\t<\/div>\n\t\t\t\t<div class=\"elementor-element elementor-element-692636d3 animated-slow elementor-invisible elementor-widget elementor-widget-text-editor\" data-id=\"692636d3\" data-element_type=\"widget\" data-settings=\"{&quot;_animation&quot;:&quot;fadeInLeft&quot;,&quot;_animation_delay&quot;:200}\" data-widget_type=\"text-editor.default\">\n\t\t\t\t<div class=\"elementor-widget-container\">\n\t\t\t\t\t\t\t\t\t<p>Nosso escrit\u00f3rio \u00e9 especializado em Direito Condominial atuando de forma consultiva e efetiva para oferecer a assessoria jur\u00eddica necess\u00e1ria aos nossos clientes e na procura de formas conciliat\u00f3rias para a resolu\u00e7\u00e3o de conflitos.<\/p><p>Al\u00e9m das atividades acima citadas, nosso escrit\u00f3rio pode ainda prestar consultoria em Direito civil, trabalhista, tribut\u00e1rio e outras \u00e1reas do direito que est\u00e3o ligadas a administra\u00e7\u00e3o de condom\u00ednios, bem como a representa\u00e7\u00e3o junto aos \u00f3rg\u00e3os p\u00fablicos.<\/p><p>Voc\u00ea \u00e9 sindico (morador ou profissional), membro de conselho consultivo ou at\u00e9 mesmo um morador que compreende a necessidade de que seu pr\u00e9dio possua um servi\u00e7os espeicalizado de assessoria juridica condominial, entre em contato e solicite uma proposta de consultoria.<\/p>\t\t\t\t\t\t\t\t<\/div>\n\t\t\t\t<\/div>\n\t\t\t\t<div class=\"elementor-element elementor-element-3c9e5a98 elementor-align-left animated-slow elementor-invisible elementor-widget elementor-widget-button\" data-id=\"3c9e5a98\" data-element_type=\"widget\" data-settings=\"{&quot;_animation&quot;:&quot;fadeInLeft&quot;,&quot;_animation_delay&quot;:400}\" data-widget_type=\"button.default\">\n\t\t\t\t<div class=\"elementor-widget-container\">\n\t\t\t\t\t\t\t\t\t<div class=\"elementor-button-wrapper\">\n\t\t\t\t\t<a class=\"elementor-button elementor-button-link elementor-size-lg\" href=\"#\">\n\t\t\t\t\t\t<span class=\"elementor-button-content-wrapper\">\n\t\t\t\t\t\t\t\t\t<span class=\"elementor-button-text\">ENTRE EM CONTATO  CONOSCO<\/span>\n\t\t\t\t\t<\/span>\n\t\t\t\t\t<\/a>\n\t\t\t\t<\/div>\n\t\t\t\t\t\t\t\t<\/div>\n\t\t\t\t<\/div>\n\t\t\t\t<\/div>\n\t\t\t\t\t<\/div>\n\t\t\t\t<\/div>\n\t\t<div class=\"elementor-element elementor-element-72687bd4 e-flex e-con-boxed e-con e-parent\" data-id=\"72687bd4\" data-element_type=\"container\" data-settings=\"{&quot;background_background&quot;:&quot;classic&quot;}\">\n\t\t\t\t\t<div class=\"e-con-inner\">\n\t\t\t\t<div class=\"elementor-element elementor-element-49128b4a elementor-widget elementor-widget-text-editor\" data-id=\"49128b4a\" data-element_type=\"widget\" data-widget_type=\"text-editor.default\">\n\t\t\t\t<div class=\"elementor-widget-container\">\n\t\t\t\t\t\t\t\t\t<p style=\"text-align: center;\">Copyright 2024. Todos os Direitos Reservados. Desenvolvido por <a href=\"https:\/\/www.mrgdigital.com.br\">MRG Digital<\/a><\/p>\t\t\t\t\t\t\t\t<\/div>\n\t\t\t\t<\/div>\n\t\t\t\t\t<\/div>\n\t\t\t\t<\/div>\n\t\t\t\t<\/div>\n\t\t","protected":false},"excerpt":{"rendered":"<p>Direito Condominial ENTRE EM CONTATO CONOSCO Atua\u00e7\u00e3o As rela\u00e7\u00f5es existentes no \u00e2mbito do condom\u00ednio requerem aten\u00e7\u00e3o e regulamenta\u00e7\u00e3o para evitar e resolver conflitos. Da\u00ed surge a necessidade de uma \u00e1rea especializada do Direito, que \u00e9 o Direito Condominial. Direito Condominial \u00e9 a \u00e1rea de Direito especializada na regulamenta\u00e7\u00e3o das pr\u00e1ticas, dos direitos e dos deveres [&hellip;]<\/p>\n","protected":false},"author":1,"featured_media":0,"parent":0,"menu_order":0,"comment_status":"closed","ping_status":"closed","template":"elementor_header_footer","meta":{"footnotes":""},"class_list":["post-136","page","type-page","status-publish","hentry"],"_links":{"self":[{"href":"https:\/\/baraunaadvogados.com.br\/index.php\/wp-json\/wp\/v2\/pages\/136","targetHints":{"allow":["GET"]}}],"collection":[{"href":"https:\/\/baraunaadvogados.com.br\/index.php\/wp-json\/wp\/v2\/pages"}],"about":[{"href":"https:\/\/baraunaadvogados.com.br\/index.php\/wp-json\/wp\/v2\/types\/page"}],"author":[{"embeddable":true,"href":"https:\/\/baraunaadvogados.com.br\/index.php\/wp-json\/wp\/v2\/users\/1"}],"replies":[{"embeddable":true,"href":"https:\/\/baraunaadvogados.com.br\/index.php\/wp-json\/wp\/v2\/comments?post=136"}],"version-history":[{"count":28,"href":"https:\/\/baraunaadvogados.com.br\/index.php\/wp-json\/wp\/v2\/pages\/136\/revisions"}],"predecessor-version":[{"id":829,"href":"https:\/\/baraunaadvogados.com.br\/index.php\/wp-json\/wp\/v2\/pages\/136\/revisions\/829"}],"wp:attachment":[{"href":"https:\/\/baraunaadvogados.com.br\/index.php\/wp-json\/wp\/v2\/media?parent=136"}],"curies":[{"name":"wp","href":"https:\/\/api.w.org\/{rel}","templated":true}]}}