{"id":146,"date":"2024-04-25T05:29:15","date_gmt":"2024-04-25T08:29:15","guid":{"rendered":"https:\/\/mistyrose-chinchilla-678413.hostingersite.com\/?page_id=146"},"modified":"2025-04-16T18:58:58","modified_gmt":"2025-04-16T21:58:58","slug":"direito-tributario","status":"publish","type":"page","link":"https:\/\/baraunaadvogados.com.br\/index.php\/direito-tributario\/","title":{"rendered":"Direito Previd\u00eancia"},"content":{"rendered":"\t\t<div data-elementor-type=\"wp-page\" data-elementor-id=\"146\" class=\"elementor elementor-146\" data-elementor-post-type=\"page\">\n\t\t\t\t<div class=\"elementor-element elementor-element-24234042 e-flex e-con-boxed e-con e-parent\" data-id=\"24234042\" data-element_type=\"container\" data-settings=\"{&quot;background_background&quot;:&quot;classic&quot;}\">\n\t\t\t\t\t<div class=\"e-con-inner\">\n\t\t<div class=\"elementor-element elementor-element-136dd365 e-con-full e-flex e-con e-child\" data-id=\"136dd365\" data-element_type=\"container\">\n\t\t\t\t<div class=\"elementor-element elementor-element-3b8003db elementor-headline--style-rotate elementor-widget elementor-widget-animated-headline\" data-id=\"3b8003db\" data-element_type=\"widget\" data-settings=\"{&quot;headline_style&quot;:&quot;rotate&quot;,&quot;animation_type&quot;:&quot;slide&quot;,&quot;loop&quot;:&quot;yes&quot;,&quot;rotate_iteration_delay&quot;:2500}\" data-widget_type=\"animated-headline.default\">\n\t\t\t\t<div class=\"elementor-widget-container\">\n\t\t\t\t\t\t\t<h3 class=\"elementor-headline elementor-headline-animation-type-slide\">\n\t\t\t\t\t<span class=\"elementor-headline-plain-text elementor-headline-text-wrapper\">Direito Previdenci\u00e1rio<\/span>\n\t\t\t\t<span class=\"elementor-headline-dynamic-wrapper elementor-headline-text-wrapper\">\n\t\t\t\t<\/span>\n\t\t\t\t<\/h3>\n\t\t\t\t\t\t<\/div>\n\t\t\t\t<\/div>\n\t\t\t\t<div class=\"elementor-element elementor-element-694750cb elementor-align-left animated-slow elementor-invisible elementor-widget elementor-widget-button\" data-id=\"694750cb\" data-element_type=\"widget\" data-settings=\"{&quot;_animation&quot;:&quot;fadeInLeft&quot;,&quot;_animation_delay&quot;:400}\" data-widget_type=\"button.default\">\n\t\t\t\t<div class=\"elementor-widget-container\">\n\t\t\t\t\t\t\t\t\t<div class=\"elementor-button-wrapper\">\n\t\t\t\t\t<a class=\"elementor-button elementor-button-link elementor-size-lg\" href=\"#\">\n\t\t\t\t\t\t<span class=\"elementor-button-content-wrapper\">\n\t\t\t\t\t\t\t\t\t<span class=\"elementor-button-text\">ENTRE EM CONTATO CONOSCO<\/span>\n\t\t\t\t\t<\/span>\n\t\t\t\t\t<\/a>\n\t\t\t\t<\/div>\n\t\t\t\t\t\t\t\t<\/div>\n\t\t\t\t<\/div>\n\t\t\t\t<\/div>\n\t\t\t\t\t<\/div>\n\t\t\t\t<\/div>\n\t\t<div class=\"elementor-element elementor-element-3f458cc1 e-flex e-con-boxed e-con e-parent\" data-id=\"3f458cc1\" data-element_type=\"container\" id=\"sobre\" data-settings=\"{&quot;background_background&quot;:&quot;classic&quot;}\">\n\t\t\t\t\t<div class=\"e-con-inner\">\n\t\t<div class=\"elementor-element elementor-element-28fc12a3 e-con-full e-flex e-con e-child\" data-id=\"28fc12a3\" data-element_type=\"container\">\n\t\t\t\t<div class=\"elementor-element elementor-element-3801d37e elementor-invisible elementor-widget elementor-widget-heading\" data-id=\"3801d37e\" data-element_type=\"widget\" data-settings=\"{&quot;_animation&quot;:&quot;fadeInLeft&quot;}\" data-widget_type=\"heading.default\">\n\t\t\t\t<div class=\"elementor-widget-container\">\n\t\t\t\t\t<h2 class=\"elementor-heading-title elementor-size-default\">Atua\u00e7\u00e3o<\/h2>\t\t\t\t<\/div>\n\t\t\t\t<\/div>\n\t\t\t\t<div class=\"elementor-element elementor-element-73d18480 animated-slow elementor-invisible elementor-widget elementor-widget-text-editor\" data-id=\"73d18480\" data-element_type=\"widget\" data-settings=\"{&quot;_animation&quot;:&quot;fadeInLeft&quot;,&quot;_animation_delay&quot;:200}\" data-widget_type=\"text-editor.default\">\n\t\t\t\t<div class=\"elementor-widget-container\">\n\t\t\t\t\t\t\t\t\tO Direito Previdenci\u00e1rio \u00e9 o ramo do direito que regula a seguridade social, especialmente os benef\u00edcios previdenci\u00e1rios pagos pelo INSS e outros regimes de previd\u00eancia. Ele trata dos direitos dos trabalhadores, aposentados e pensionistas, garantindo benef\u00edcios como aposentadorias, pens\u00f5es, aux\u00edlio-doen\u00e7a, sal\u00e1rio-maternidade, BPC\/LOAS, entre outros.\t\t\t\t\t\t\t\t<\/div>\n\t\t\t\t<\/div>\n\t\t\t\t<div class=\"elementor-element elementor-element-80a9807 elementor-align-left animated-slow elementor-invisible elementor-widget elementor-widget-button\" data-id=\"80a9807\" data-element_type=\"widget\" data-settings=\"{&quot;_animation&quot;:&quot;fadeInLeft&quot;,&quot;_animation_delay&quot;:400}\" data-widget_type=\"button.default\">\n\t\t\t\t<div class=\"elementor-widget-container\">\n\t\t\t\t\t\t\t\t\t<div class=\"elementor-button-wrapper\">\n\t\t\t\t\t<a class=\"elementor-button elementor-button-link elementor-size-lg\" href=\"#\">\n\t\t\t\t\t\t<span class=\"elementor-button-content-wrapper\">\n\t\t\t\t\t\t\t\t\t<span class=\"elementor-button-text\">ENTRE EM CONTATO  CONOSCO<\/span>\n\t\t\t\t\t<\/span>\n\t\t\t\t\t<\/a>\n\t\t\t\t<\/div>\n\t\t\t\t\t\t\t\t<\/div>\n\t\t\t\t<\/div>\n\t\t<div class=\"elementor-element elementor-element-22376fb e-con-full e-flex e-con e-child\" data-id=\"22376fb\" data-element_type=\"container\">\n\t\t<div class=\"elementor-element elementor-element-a9a812e e-flex e-con-boxed e-con e-child\" data-id=\"a9a812e\" data-element_type=\"container\" data-settings=\"{&quot;background_background&quot;:&quot;classic&quot;}\">\n\t\t\t\t\t<div class=\"e-con-inner\">\n\t\t<div class=\"elementor-element elementor-element-4bb76d8 e-con-full e-flex e-con e-child\" data-id=\"4bb76d8\" data-element_type=\"container\" data-settings=\"{&quot;background_background&quot;:&quot;classic&quot;}\">\n\t\t\t\t<div class=\"elementor-element elementor-element-3fa5cfb elementor-widget elementor-widget-image-box\" data-id=\"3fa5cfb\" data-element_type=\"widget\" data-widget_type=\"image-box.default\">\n\t\t\t\t<div class=\"elementor-widget-container\">\n\t\t\t\t\t<div class=\"elementor-image-box-wrapper\"><div class=\"elementor-image-box-content\"><h3 class=\"elementor-image-box-title\">Regimes de Previd\u00eancia<\/h3><p class=\"elementor-image-box-description\">Regime Geral de Previd\u00eancia Social (RGPS) \u2013 administrado pelo INSS, destinado aos trabalhadores em geral.\n\nRegimes Pr\u00f3prios de Previd\u00eancia Social (RPPS) \u2013 aplic\u00e1vel a servidores p\u00fablicos.\n\nPrevid\u00eancia Complementar \u2013 previd\u00eancia privada e fechada para servidores<\/p><\/div><\/div>\t\t\t\t<\/div>\n\t\t\t\t<\/div>\n\t\t\t\t<\/div>\n\t\t\t\t\t<\/div>\n\t\t\t\t<\/div>\n\t\t<div class=\"elementor-element elementor-element-5d433a5 e-flex e-con-boxed e-con e-child\" data-id=\"5d433a5\" data-element_type=\"container\" data-settings=\"{&quot;background_background&quot;:&quot;classic&quot;}\">\n\t\t\t\t\t<div class=\"e-con-inner\">\n\t\t<div class=\"elementor-element elementor-element-e828631 e-con-full e-flex e-con e-child\" data-id=\"e828631\" data-element_type=\"container\" data-settings=\"{&quot;background_background&quot;:&quot;classic&quot;}\">\n\t\t\t\t<div class=\"elementor-element elementor-element-8d7bf87 elementor-widget elementor-widget-image-box\" data-id=\"8d7bf87\" data-element_type=\"widget\" data-widget_type=\"image-box.default\">\n\t\t\t\t<div class=\"elementor-widget-container\">\n\t\t\t\t\t<div class=\"elementor-image-box-wrapper\"><div class=\"elementor-image-box-content\"><h3 class=\"elementor-image-box-title\">Benef\u00edcios Previdenci\u00e1rios<\/h3><p class=\"elementor-image-box-description\">Aposentadorias\n\nAposentadoria por idade\n\nAposentadoria por tempo de contribui\u00e7\u00e3o (regras de transi\u00e7\u00e3o)\n\nAposentadoria especial\n\nAposentadoria por invalidez (incapacidade permanente)<\/p><\/div><\/div>\t\t\t\t<\/div>\n\t\t\t\t<\/div>\n\t\t\t\t<\/div>\n\t\t\t\t\t<\/div>\n\t\t\t\t<\/div>\n\t\t<div class=\"elementor-element elementor-element-e36a710 e-flex e-con-boxed e-con e-child\" data-id=\"e36a710\" data-element_type=\"container\" data-settings=\"{&quot;background_background&quot;:&quot;classic&quot;}\">\n\t\t\t\t\t<div class=\"e-con-inner\">\n\t\t<div class=\"elementor-element elementor-element-7fea402 e-con-full e-flex e-con e-child\" data-id=\"7fea402\" data-element_type=\"container\" data-settings=\"{&quot;background_background&quot;:&quot;classic&quot;}\">\n\t\t\t\t<div class=\"elementor-element elementor-element-68c18de elementor-widget elementor-widget-image-box\" data-id=\"68c18de\" data-element_type=\"widget\" data-widget_type=\"image-box.default\">\n\t\t\t\t<div class=\"elementor-widget-container\">\n\t\t\t\t\t<div class=\"elementor-image-box-wrapper\"><div class=\"elementor-image-box-content\"><h3 class=\"elementor-image-box-title\">Regras de Contribui\u00e7\u00e3o<\/h3><p class=\"elementor-image-box-description\">C\u00e1lculo do tempo de contribui\u00e7\u00e3o\n\nC\u00e1lculo da renda mensal inicial (RMI)\n\nContribui\u00e7\u00e3o de trabalhadores aut\u00f4nomos, MEIs e segurados facultativos<\/p><\/div><\/div>\t\t\t\t<\/div>\n\t\t\t\t<\/div>\n\t\t\t\t<\/div>\n\t\t\t\t\t<\/div>\n\t\t\t\t<\/div>\n\t\t\t\t<\/div>\n\t\t<div class=\"elementor-element elementor-element-6369315 e-con-full e-flex e-con e-child\" data-id=\"6369315\" data-element_type=\"container\">\n\t\t<div class=\"elementor-element elementor-element-2e28f9f e-flex e-con-boxed e-con e-child\" data-id=\"2e28f9f\" data-element_type=\"container\" data-settings=\"{&quot;background_background&quot;:&quot;classic&quot;}\">\n\t\t\t\t\t<div class=\"e-con-inner\">\n\t\t<div class=\"elementor-element elementor-element-c92cad0 e-con-full e-flex e-con e-child\" data-id=\"c92cad0\" data-element_type=\"container\" data-settings=\"{&quot;background_background&quot;:&quot;classic&quot;}\">\n\t\t\t\t<div class=\"elementor-element elementor-element-9fc836f elementor-widget elementor-widget-image-box\" data-id=\"9fc836f\" data-element_type=\"widget\" data-widget_type=\"image-box.default\">\n\t\t\t\t<div class=\"elementor-widget-container\">\n\t\t\t\t\t<div class=\"elementor-image-box-wrapper\"><div class=\"elementor-image-box-content\"><h3 class=\"elementor-image-box-title\">Revis\u00f5es e Planejamento Previdenci\u00e1rio<\/h3><p class=\"elementor-image-box-description\">Revis\u00e3o da aposentadoria para aumentar o valor do benef\u00edcio\n\nPlanejamento previdenci\u00e1rio para garantir a melhor aposentadoria poss\u00edvel<\/p><\/div><\/div>\t\t\t\t<\/div>\n\t\t\t\t<\/div>\n\t\t\t\t<\/div>\n\t\t\t\t\t<\/div>\n\t\t\t\t<\/div>\n\t\t<div class=\"elementor-element elementor-element-a8428ff e-flex e-con-boxed e-con e-child\" data-id=\"a8428ff\" data-element_type=\"container\" data-settings=\"{&quot;background_background&quot;:&quot;classic&quot;}\">\n\t\t\t\t\t<div class=\"e-con-inner\">\n\t\t<div class=\"elementor-element elementor-element-bd1fa51 e-con-full e-flex e-con e-child\" data-id=\"bd1fa51\" data-element_type=\"container\" data-settings=\"{&quot;background_background&quot;:&quot;classic&quot;}\">\n\t\t\t\t<div class=\"elementor-element elementor-element-156f760 elementor-widget elementor-widget-image-box\" data-id=\"156f760\" data-element_type=\"widget\" data-widget_type=\"image-box.default\">\n\t\t\t\t<div class=\"elementor-widget-container\">\n\t\t\t\t\t<div class=\"elementor-image-box-wrapper\"><div class=\"elementor-image-box-content\"><h3 class=\"elementor-image-box-title\">Processo Administrativo e Judicial<\/h3><p class=\"elementor-image-box-description\">Pedido de concess\u00e3o de benef\u00edcios no INSS\n\nRecursos administrativos no INSS\n\nA\u00e7\u00f5es judiciais para revis\u00e3o ou concess\u00e3o de benef\u00edcios<\/p><\/div><\/div>\t\t\t\t<\/div>\n\t\t\t\t<\/div>\n\t\t\t\t<\/div>\n\t\t\t\t\t<\/div>\n\t\t\t\t<\/div>\n\t\t\t\t<\/div>\n\t\t\t\t<\/div>\n\t\t\t\t\t<\/div>\n\t\t\t\t<\/div>\n\t\t<div class=\"elementor-element elementor-element-5ca37258 e-flex e-con-boxed e-con e-parent\" data-id=\"5ca37258\" data-element_type=\"container\" data-settings=\"{&quot;background_background&quot;:&quot;classic&quot;}\">\n\t\t\t\t\t<div class=\"e-con-inner\">\n\t\t\t\t<div class=\"elementor-element elementor-element-3842b25b elementor-widget elementor-widget-text-editor\" data-id=\"3842b25b\" data-element_type=\"widget\" data-widget_type=\"text-editor.default\">\n\t\t\t\t<div class=\"elementor-widget-container\">\n\t\t\t\t\t\t\t\t\t<p style=\"text-align: center;\">Copyright 2024. Desenvolvido por <a href=\"https:\/\/www.mrgdigital.com.br\">MRG Digital<\/a><\/p>\t\t\t\t\t\t\t\t<\/div>\n\t\t\t\t<\/div>\n\t\t\t\t\t<\/div>\n\t\t\t\t<\/div>\n\t\t\t\t<\/div>\n\t\t","protected":false},"excerpt":{"rendered":"<p>Direito Previdenci\u00e1rio ENTRE EM CONTATO CONOSCO Atua\u00e7\u00e3o O Direito Previdenci\u00e1rio \u00e9 o ramo do direito que regula a seguridade social, especialmente os benef\u00edcios previdenci\u00e1rios pagos pelo INSS e outros regimes de previd\u00eancia. Ele trata dos direitos dos trabalhadores, aposentados e pensionistas, garantindo benef\u00edcios como aposentadorias, pens\u00f5es, aux\u00edlio-doen\u00e7a, sal\u00e1rio-maternidade, BPC\/LOAS, entre outros. ENTRE EM CONTATO CONOSCO [&hellip;]<\/p>\n","protected":false},"author":1,"featured_media":0,"parent":0,"menu_order":0,"comment_status":"closed","ping_status":"closed","template":"elementor_header_footer","meta":{"footnotes":""},"class_list":["post-146","page","type-page","status-publish","hentry"],"_links":{"self":[{"href":"https:\/\/baraunaadvogados.com.br\/index.php\/wp-json\/wp\/v2\/pages\/146","targetHints":{"allow":["GET"]}}],"collection":[{"href":"https:\/\/baraunaadvogados.com.br\/index.php\/wp-json\/wp\/v2\/pages"}],"about":[{"href":"https:\/\/baraunaadvogados.com.br\/index.php\/wp-json\/wp\/v2\/types\/page"}],"author":[{"embeddable":true,"href":"https:\/\/baraunaadvogados.com.br\/index.php\/wp-json\/wp\/v2\/users\/1"}],"replies":[{"embeddable":true,"href":"https:\/\/baraunaadvogados.com.br\/index.php\/wp-json\/wp\/v2\/comments?post=146"}],"version-history":[{"count":26,"href":"https:\/\/baraunaadvogados.com.br\/index.php\/wp-json\/wp\/v2\/pages\/146\/revisions"}],"predecessor-version":[{"id":805,"href":"https:\/\/baraunaadvogados.com.br\/index.php\/wp-json\/wp\/v2\/pages\/146\/revisions\/805"}],"wp:attachment":[{"href":"https:\/\/baraunaadvogados.com.br\/index.php\/wp-json\/wp\/v2\/media?parent=146"}],"curies":[{"name":"wp","href":"https:\/\/api.w.org\/{rel}","templated":true}]}}