{"id":151,"date":"2024-04-25T05:29:59","date_gmt":"2024-04-25T08:29:59","guid":{"rendered":"https:\/\/mistyrose-chinchilla-678413.hostingersite.com\/?page_id=151"},"modified":"2025-04-16T18:56:44","modified_gmt":"2025-04-16T21:56:44","slug":"direito-imobiliario","status":"publish","type":"page","link":"https:\/\/baraunaadvogados.com.br\/index.php\/direito-imobiliario\/","title":{"rendered":"Direito Imobili\u00e1rio"},"content":{"rendered":"\t\t<div data-elementor-type=\"wp-page\" data-elementor-id=\"151\" class=\"elementor elementor-151\" data-elementor-post-type=\"page\">\n\t\t\t\t<div class=\"elementor-element elementor-element-7175c9af e-flex e-con-boxed e-con e-parent\" data-id=\"7175c9af\" data-element_type=\"container\" data-settings=\"{&quot;background_background&quot;:&quot;classic&quot;}\">\n\t\t\t\t\t<div class=\"e-con-inner\">\n\t\t<div class=\"elementor-element elementor-element-8b343b8 e-con-full e-flex e-con e-child\" data-id=\"8b343b8\" data-element_type=\"container\">\n\t\t\t\t<div class=\"elementor-element elementor-element-47027bba elementor-headline--style-rotate elementor-widget elementor-widget-animated-headline\" data-id=\"47027bba\" data-element_type=\"widget\" data-settings=\"{&quot;headline_style&quot;:&quot;rotate&quot;,&quot;animation_type&quot;:&quot;slide&quot;,&quot;loop&quot;:&quot;yes&quot;,&quot;rotate_iteration_delay&quot;:2500}\" data-widget_type=\"animated-headline.default\">\n\t\t\t\t<div class=\"elementor-widget-container\">\n\t\t\t\t\t\t\t<h3 class=\"elementor-headline elementor-headline-animation-type-slide\">\n\t\t\t\t\t<span class=\"elementor-headline-plain-text elementor-headline-text-wrapper\">Direito Imobili\u00e1rio<\/span>\n\t\t\t\t<span class=\"elementor-headline-dynamic-wrapper elementor-headline-text-wrapper\">\n\t\t\t\t<\/span>\n\t\t\t\t<\/h3>\n\t\t\t\t\t\t<\/div>\n\t\t\t\t<\/div>\n\t\t\t\t<div class=\"elementor-element elementor-element-2ea321e6 elementor-align-left animated-slow elementor-invisible elementor-widget elementor-widget-button\" data-id=\"2ea321e6\" data-element_type=\"widget\" data-settings=\"{&quot;_animation&quot;:&quot;fadeInLeft&quot;,&quot;_animation_delay&quot;:400}\" data-widget_type=\"button.default\">\n\t\t\t\t<div class=\"elementor-widget-container\">\n\t\t\t\t\t\t\t\t\t<div class=\"elementor-button-wrapper\">\n\t\t\t\t\t<a class=\"elementor-button elementor-button-link elementor-size-lg\" href=\"#\">\n\t\t\t\t\t\t<span class=\"elementor-button-content-wrapper\">\n\t\t\t\t\t\t\t\t\t<span class=\"elementor-button-text\">ENTRE EM CONTATO CONOSCO<\/span>\n\t\t\t\t\t<\/span>\n\t\t\t\t\t<\/a>\n\t\t\t\t<\/div>\n\t\t\t\t\t\t\t\t<\/div>\n\t\t\t\t<\/div>\n\t\t\t\t<\/div>\n\t\t\t\t\t<\/div>\n\t\t\t\t<\/div>\n\t\t<div class=\"elementor-element elementor-element-77a17154 e-flex e-con-boxed e-con e-parent\" data-id=\"77a17154\" data-element_type=\"container\" id=\"sobre\" data-settings=\"{&quot;background_background&quot;:&quot;classic&quot;}\">\n\t\t\t\t\t<div class=\"e-con-inner\">\n\t\t<div class=\"elementor-element elementor-element-2268a4a0 e-con-full e-flex e-con e-child\" data-id=\"2268a4a0\" data-element_type=\"container\">\n\t\t\t\t<div class=\"elementor-element elementor-element-baced02 elementor-invisible elementor-widget elementor-widget-heading\" data-id=\"baced02\" data-element_type=\"widget\" data-settings=\"{&quot;_animation&quot;:&quot;fadeInLeft&quot;}\" data-widget_type=\"heading.default\">\n\t\t\t\t<div class=\"elementor-widget-container\">\n\t\t\t\t\t<h2 class=\"elementor-heading-title elementor-size-default\">Atua\u00e7\u00e3o<\/h2>\t\t\t\t<\/div>\n\t\t\t\t<\/div>\n\t\t\t\t<div class=\"elementor-element elementor-element-2470c62e animated-slow elementor-invisible elementor-widget elementor-widget-text-editor\" data-id=\"2470c62e\" data-element_type=\"widget\" data-settings=\"{&quot;_animation&quot;:&quot;fadeInLeft&quot;,&quot;_animation_delay&quot;:200}\" data-widget_type=\"text-editor.default\">\n\t\t\t\t<div class=\"elementor-widget-container\">\n\t\t\t\t\t\t\t\t\t<p>Somos especializado no ramo do Direito Imobili\u00e1rio, proporcionando solu\u00e7\u00f5es jur\u00eddicas inovadoras para diversas quest\u00f5es imobili\u00e1rias de natureza consultiva ou contenciosa, abrangendo aquisi\u00e7\u00f5es, loca\u00e7\u00f5es, contratos de garantia e propriedades rurais, shopping centers, hot\u00e9is, turismo, constru\u00e7\u00e3o, incorpora\u00e7\u00e3o e financiamento imobili\u00e1rio.<\/p><p>Somos especializados em Direito Contratual aplicado ao direito imobili\u00e1rio, especialmente para assessoria na confec\u00e7\u00e3o ou assinatira de compromisoss particulares ou p\u00fablicos.<\/p><p>Nossas solu\u00e7\u00f5es legais em Direito Imobili\u00e1rio compreendem:<\/p>\t\t\t\t\t\t\t\t<\/div>\n\t\t\t\t<\/div>\n\t\t<div class=\"elementor-element elementor-element-4bdaec8a e-flex e-con-boxed e-con e-child\" data-id=\"4bdaec8a\" data-element_type=\"container\">\n\t\t\t\t\t<div class=\"e-con-inner\">\n\t\t<div class=\"elementor-element elementor-element-64299a68 e-flex e-con-boxed e-con e-child\" data-id=\"64299a68\" data-element_type=\"container\" data-settings=\"{&quot;background_background&quot;:&quot;classic&quot;}\">\n\t\t\t\t\t<div class=\"e-con-inner\">\n\t\t<div class=\"elementor-element elementor-element-5b63eacf e-con-full e-flex e-con e-child\" data-id=\"5b63eacf\" data-element_type=\"container\" data-settings=\"{&quot;background_background&quot;:&quot;classic&quot;}\">\n\t\t\t\t<div class=\"elementor-element elementor-element-ad89aee elementor-widget elementor-widget-image-box\" data-id=\"ad89aee\" data-element_type=\"widget\" data-widget_type=\"image-box.default\">\n\t\t\t\t<div class=\"elementor-widget-container\">\n\t\t\t\t\t<div class=\"elementor-image-box-wrapper\"><div class=\"elementor-image-box-content\"><h3 class=\"elementor-image-box-title\">Neg\u00f3cios imobili\u00e1rios<\/h3><p class=\"elementor-image-box-description\">Compra e venda de im\u00f3veis, incorpora\u00e7\u00f5es, loteamentos, garantias imobili\u00e1rias, auditorias imobili\u00e1rias e assist\u00eancia em transa\u00e7\u00f5es imobili\u00e1rias\n<\/p><\/div><\/div>\t\t\t\t<\/div>\n\t\t\t\t<\/div>\n\t\t\t\t<\/div>\n\t\t\t\t\t<\/div>\n\t\t\t\t<\/div>\n\t\t<div class=\"elementor-element elementor-element-78e2d6ea e-flex e-con-boxed e-con e-child\" data-id=\"78e2d6ea\" data-element_type=\"container\" data-settings=\"{&quot;background_background&quot;:&quot;classic&quot;}\">\n\t\t\t\t\t<div class=\"e-con-inner\">\n\t\t<div class=\"elementor-element elementor-element-8611131 e-con-full e-flex e-con e-child\" data-id=\"8611131\" data-element_type=\"container\" data-settings=\"{&quot;background_background&quot;:&quot;classic&quot;}\">\n\t\t\t\t<div class=\"elementor-element elementor-element-7d942949 elementor-widget elementor-widget-image-box\" data-id=\"7d942949\" data-element_type=\"widget\" data-widget_type=\"image-box.default\">\n\t\t\t\t<div class=\"elementor-widget-container\">\n\t\t\t\t\t<div class=\"elementor-image-box-wrapper\"><div class=\"elementor-image-box-content\"><h3 class=\"elementor-image-box-title\">A\u00e7\u00f5es relacionadas \u00e0 posse e \u00e0 propriedade<\/h3><p class=\"elementor-image-box-description\">Usucapi\u00e3o, Possess\u00f3rias, Desapropria\u00e7\u00f5es, bem como regulariza\u00e7\u00e3o Imobiliaria com especializa\u00e7\u00e3o em Direito Notarial\n<\/p><\/div><\/div>\t\t\t\t<\/div>\n\t\t\t\t<\/div>\n\t\t\t\t<\/div>\n\t\t\t\t\t<\/div>\n\t\t\t\t<\/div>\n\t\t<div class=\"elementor-element elementor-element-480084cf e-flex e-con-boxed e-con e-child\" data-id=\"480084cf\" data-element_type=\"container\" data-settings=\"{&quot;background_background&quot;:&quot;classic&quot;}\">\n\t\t\t\t\t<div class=\"e-con-inner\">\n\t\t<div class=\"elementor-element elementor-element-35b3037e e-con-full e-flex e-con e-child\" data-id=\"35b3037e\" data-element_type=\"container\" data-settings=\"{&quot;background_background&quot;:&quot;classic&quot;}\">\n\t\t\t\t<div class=\"elementor-element elementor-element-30e88f69 elementor-widget elementor-widget-image-box\" data-id=\"30e88f69\" data-element_type=\"widget\" data-widget_type=\"image-box.default\">\n\t\t\t\t<div class=\"elementor-widget-container\">\n\t\t\t\t\t<div class=\"elementor-image-box-wrapper\"><div class=\"elementor-image-box-content\"><h3 class=\"elementor-image-box-title\">Loca\u00e7\u00f5es<\/h3><p class=\"elementor-image-box-description\">An\u00e1lise documental, negocia\u00e7\u00e3o de pr\u00e9-contratos e contratos de loca\u00e7\u00e3o, acompanhamento de reformas\n\n<\/p><\/div><\/div>\t\t\t\t<\/div>\n\t\t\t\t<\/div>\n\t\t\t\t<\/div>\n\t\t\t\t\t<\/div>\n\t\t\t\t<\/div>\n\t\t\t\t\t<\/div>\n\t\t\t\t<\/div>\n\t\t<div class=\"elementor-element elementor-element-60819ee7 e-flex e-con-boxed e-con e-child\" data-id=\"60819ee7\" data-element_type=\"container\">\n\t\t\t\t\t<div class=\"e-con-inner\">\n\t\t<div class=\"elementor-element elementor-element-31e36552 e-flex e-con-boxed e-con e-child\" data-id=\"31e36552\" data-element_type=\"container\" data-settings=\"{&quot;background_background&quot;:&quot;classic&quot;}\">\n\t\t\t\t\t<div class=\"e-con-inner\">\n\t\t<div class=\"elementor-element elementor-element-3c91cb73 e-con-full e-flex e-con e-child\" data-id=\"3c91cb73\" data-element_type=\"container\" data-settings=\"{&quot;background_background&quot;:&quot;classic&quot;}\">\n\t\t\t\t<div class=\"elementor-element elementor-element-a373d0c elementor-widget elementor-widget-image-box\" data-id=\"a373d0c\" data-element_type=\"widget\" data-widget_type=\"image-box.default\">\n\t\t\t\t<div class=\"elementor-widget-container\">\n\t\t\t\t\t<div class=\"elementor-image-box-wrapper\"><div class=\"elementor-image-box-content\"><h3 class=\"elementor-image-box-title\">Constru\u00e7\u00e3o e Regulariza\u00e7\u00e3o<\/h3><p class=\"elementor-image-box-description\">Contratos de constru\u00e7\u00e3o de empreendimentos imobili\u00e1rios, auditoria e an\u00e1lise de regulariza\u00e7\u00e3o imobili\u00e1ria\n<\/p><\/div><\/div>\t\t\t\t<\/div>\n\t\t\t\t<\/div>\n\t\t\t\t<\/div>\n\t\t\t\t\t<\/div>\n\t\t\t\t<\/div>\n\t\t<div class=\"elementor-element elementor-element-6b7465f e-flex e-con-boxed e-con e-child\" data-id=\"6b7465f\" data-element_type=\"container\" data-settings=\"{&quot;background_background&quot;:&quot;classic&quot;}\">\n\t\t\t\t\t<div class=\"e-con-inner\">\n\t\t<div class=\"elementor-element elementor-element-2cd64e23 e-con-full e-flex e-con e-child\" data-id=\"2cd64e23\" data-element_type=\"container\" data-settings=\"{&quot;background_background&quot;:&quot;classic&quot;}\">\n\t\t\t\t<div class=\"elementor-element elementor-element-2f24b0f2 elementor-widget elementor-widget-image-box\" data-id=\"2f24b0f2\" data-element_type=\"widget\" data-widget_type=\"image-box.default\">\n\t\t\t\t<div class=\"elementor-widget-container\">\n\t\t\t\t\t<div class=\"elementor-image-box-wrapper\"><div class=\"elementor-image-box-content\"><h3 class=\"elementor-image-box-title\">Im\u00f3veis rurais<\/h3><p class=\"elementor-image-box-description\">Neg\u00f3cios imobili\u00e1rios envolvendo im\u00f3veis rurais, estrutura\u00e7\u00e3o de investimentos por estrangeiros, arrendamentos, parcerias rurais, investimentos florestais<\/p><\/div><\/div>\t\t\t\t<\/div>\n\t\t\t\t<\/div>\n\t\t\t\t<\/div>\n\t\t\t\t\t<\/div>\n\t\t\t\t<\/div>\n\t\t<div class=\"elementor-element elementor-element-7d7b6559 e-flex e-con-boxed e-con e-child\" data-id=\"7d7b6559\" data-element_type=\"container\" data-settings=\"{&quot;background_background&quot;:&quot;classic&quot;}\">\n\t\t\t\t\t<div class=\"e-con-inner\">\n\t\t<div class=\"elementor-element elementor-element-153949f9 e-con-full e-flex e-con e-child\" data-id=\"153949f9\" data-element_type=\"container\" data-settings=\"{&quot;background_background&quot;:&quot;classic&quot;}\">\n\t\t\t\t<div class=\"elementor-element elementor-element-21da631d elementor-widget elementor-widget-image-box\" data-id=\"21da631d\" data-element_type=\"widget\" data-widget_type=\"image-box.default\">\n\t\t\t\t<div class=\"elementor-widget-container\">\n\t\t\t\t\t<div class=\"elementor-image-box-wrapper\"><div class=\"elementor-image-box-content\"><h3 class=\"elementor-image-box-title\">Desenvolvimento<\/h3><p class=\"elementor-image-box-description\">Projetos de desenvolvimento imobili\u00e1rio, desde permuta de terreno at\u00e9 desenvolvimento de incorpora\u00e7\u00e3o e loteamento, al\u00e9m de investimentos nessas atividades<\/p><\/div><\/div>\t\t\t\t<\/div>\n\t\t\t\t<\/div>\n\t\t\t\t<\/div>\n\t\t\t\t\t<\/div>\n\t\t\t\t<\/div>\n\t\t\t\t\t<\/div>\n\t\t\t\t<\/div>\n\t\t\t\t<div class=\"elementor-element elementor-element-db45a16 animated-slow elementor-invisible elementor-widget elementor-widget-text-editor\" data-id=\"db45a16\" data-element_type=\"widget\" data-settings=\"{&quot;_animation&quot;:&quot;fadeInLeft&quot;,&quot;_animation_delay&quot;:200}\" data-widget_type=\"text-editor.default\">\n\t\t\t\t<div class=\"elementor-widget-container\">\n\t\t\t\t\t\t\t\t\t<p>Voc\u00ea esta comprando, vendendo ou tendo qualquer problema no ramo do direito imobili\u00e1rio, voc\u00ea est\u00e1 prestes a realizar um neg\u00f3cio que pode comprometer o sossego de sua familia por d\u00e9cadas, ou colocar em risco economias de uma vida inteira, consulte sempre um advogado antes de fazer qualquer neg\u00f3cio imobili\u00e1rio.<\/p>\t\t\t\t\t\t\t\t<\/div>\n\t\t\t\t<\/div>\n\t\t\t\t<div class=\"elementor-element elementor-element-12b74799 elementor-align-left animated-slow elementor-invisible elementor-widget elementor-widget-button\" data-id=\"12b74799\" data-element_type=\"widget\" data-settings=\"{&quot;_animation&quot;:&quot;fadeInLeft&quot;,&quot;_animation_delay&quot;:400}\" data-widget_type=\"button.default\">\n\t\t\t\t<div class=\"elementor-widget-container\">\n\t\t\t\t\t\t\t\t\t<div class=\"elementor-button-wrapper\">\n\t\t\t\t\t<a class=\"elementor-button elementor-button-link elementor-size-lg\" href=\"#\">\n\t\t\t\t\t\t<span class=\"elementor-button-content-wrapper\">\n\t\t\t\t\t\t\t\t\t<span class=\"elementor-button-text\">ENTRE EM CONTATO  CONOSCO<\/span>\n\t\t\t\t\t<\/span>\n\t\t\t\t\t<\/a>\n\t\t\t\t<\/div>\n\t\t\t\t\t\t\t\t<\/div>\n\t\t\t\t<\/div>\n\t\t\t\t<\/div>\n\t\t\t\t\t<\/div>\n\t\t\t\t<\/div>\n\t\t<div class=\"elementor-element elementor-element-20ce3fda e-flex e-con-boxed e-con e-parent\" data-id=\"20ce3fda\" data-element_type=\"container\" data-settings=\"{&quot;background_background&quot;:&quot;classic&quot;}\">\n\t\t\t\t\t<div class=\"e-con-inner\">\n\t\t\t\t<div class=\"elementor-element elementor-element-39c8eba2 elementor-widget elementor-widget-text-editor\" data-id=\"39c8eba2\" data-element_type=\"widget\" data-widget_type=\"text-editor.default\">\n\t\t\t\t<div class=\"elementor-widget-container\">\n\t\t\t\t\t\t\t\t\t<p style=\"text-align: center;\">Copyright 2024. Desenvolvido por <a href=\"https:\/\/www.mrgdigital.com.br\">MRG Digital<\/a><\/p>\t\t\t\t\t\t\t\t<\/div>\n\t\t\t\t<\/div>\n\t\t\t\t\t<\/div>\n\t\t\t\t<\/div>\n\t\t\t\t<\/div>\n\t\t","protected":false},"excerpt":{"rendered":"<p>Direito Imobili\u00e1rio ENTRE EM CONTATO CONOSCO Atua\u00e7\u00e3o Somos especializado no ramo do Direito Imobili\u00e1rio, proporcionando solu\u00e7\u00f5es jur\u00eddicas inovadoras para diversas quest\u00f5es imobili\u00e1rias de natureza consultiva ou contenciosa, abrangendo aquisi\u00e7\u00f5es, loca\u00e7\u00f5es, contratos de garantia e propriedades rurais, shopping centers, hot\u00e9is, turismo, constru\u00e7\u00e3o, incorpora\u00e7\u00e3o e financiamento imobili\u00e1rio. Somos especializados em Direito Contratual aplicado ao direito imobili\u00e1rio, especialmente [&hellip;]<\/p>\n","protected":false},"author":1,"featured_media":0,"parent":0,"menu_order":0,"comment_status":"closed","ping_status":"closed","template":"elementor_header_footer","meta":{"footnotes":""},"class_list":["post-151","page","type-page","status-publish","hentry"],"_links":{"self":[{"href":"https:\/\/baraunaadvogados.com.br\/index.php\/wp-json\/wp\/v2\/pages\/151","targetHints":{"allow":["GET"]}}],"collection":[{"href":"https:\/\/baraunaadvogados.com.br\/index.php\/wp-json\/wp\/v2\/pages"}],"about":[{"href":"https:\/\/baraunaadvogados.com.br\/index.php\/wp-json\/wp\/v2\/types\/page"}],"author":[{"embeddable":true,"href":"https:\/\/baraunaadvogados.com.br\/index.php\/wp-json\/wp\/v2\/users\/1"}],"replies":[{"embeddable":true,"href":"https:\/\/baraunaadvogados.com.br\/index.php\/wp-json\/wp\/v2\/comments?post=151"}],"version-history":[{"count":19,"href":"https:\/\/baraunaadvogados.com.br\/index.php\/wp-json\/wp\/v2\/pages\/151\/revisions"}],"predecessor-version":[{"id":793,"href":"https:\/\/baraunaadvogados.com.br\/index.php\/wp-json\/wp\/v2\/pages\/151\/revisions\/793"}],"wp:attachment":[{"href":"https:\/\/baraunaadvogados.com.br\/index.php\/wp-json\/wp\/v2\/media?parent=151"}],"curies":[{"name":"wp","href":"https:\/\/api.w.org\/{rel}","templated":true}]}}