{"id":186,"date":"2024-04-29T04:51:18","date_gmt":"2024-04-29T07:51:18","guid":{"rendered":"https:\/\/mistyrose-chinchilla-678413.hostingersite.com\/?page_id=186"},"modified":"2025-04-25T16:54:27","modified_gmt":"2025-04-25T19:54:27","slug":"sobre","status":"publish","type":"page","link":"https:\/\/baraunaadvogados.com.br\/index.php\/sobre\/","title":{"rendered":"Sobre"},"content":{"rendered":"\t\t<div data-elementor-type=\"wp-post\" data-elementor-id=\"186\" class=\"elementor elementor-186\" data-elementor-post-type=\"page\">\n\t\t\t\t<div class=\"elementor-element elementor-element-48e34ad e-flex e-con-boxed e-con e-parent\" data-id=\"48e34ad\" data-element_type=\"container\" data-settings=\"{&quot;background_background&quot;:&quot;classic&quot;}\">\n\t\t\t\t\t<div class=\"e-con-inner\">\n\t\t<div class=\"elementor-element elementor-element-3e0b5834 e-con-full e-flex e-con e-child\" data-id=\"3e0b5834\" data-element_type=\"container\">\n\t\t\t\t<div class=\"elementor-element elementor-element-20e4cae9 elementor-headline--style-rotate elementor-widget elementor-widget-animated-headline\" data-id=\"20e4cae9\" data-element_type=\"widget\" data-settings=\"{&quot;headline_style&quot;:&quot;rotate&quot;,&quot;animation_type&quot;:&quot;slide&quot;,&quot;loop&quot;:&quot;yes&quot;,&quot;rotate_iteration_delay&quot;:2500}\" data-widget_type=\"animated-headline.default\">\n\t\t\t\t<div class=\"elementor-widget-container\">\n\t\t\t\t\t\t\t<h3 class=\"elementor-headline elementor-headline-animation-type-slide\">\n\t\t\t\t\t<span class=\"elementor-headline-plain-text elementor-headline-text-wrapper\">Sobre n\u00f3s<\/span>\n\t\t\t\t<span class=\"elementor-headline-dynamic-wrapper elementor-headline-text-wrapper\">\n\t\t\t\t<\/span>\n\t\t\t\t<\/h3>\n\t\t\t\t\t\t<\/div>\n\t\t\t\t<\/div>\n\t\t\t\t<\/div>\n\t\t\t\t\t<\/div>\n\t\t\t\t<\/div>\n\t\t<div class=\"elementor-element elementor-element-4538756 e-flex e-con-boxed e-con e-parent\" data-id=\"4538756\" data-element_type=\"container\" data-settings=\"{&quot;background_background&quot;:&quot;classic&quot;}\">\n\t\t\t\t\t<div class=\"e-con-inner\">\n\t\t<div class=\"elementor-element elementor-element-2bac8ec e-con-full e-flex e-con e-child\" data-id=\"2bac8ec\" data-element_type=\"container\">\n\t\t\t\t<div class=\"elementor-element elementor-element-6235881 elementor-invisible elementor-widget elementor-widget-heading\" data-id=\"6235881\" data-element_type=\"widget\" data-settings=\"{&quot;_animation&quot;:&quot;fadeInLeft&quot;}\" data-widget_type=\"heading.default\">\n\t\t\t\t<div class=\"elementor-widget-container\">\n\t\t\t\t\t<h2 class=\"elementor-heading-title elementor-size-default\">Quem somos<\/h2>\t\t\t\t<\/div>\n\t\t\t\t<\/div>\n\t\t\t\t<div class=\"elementor-element elementor-element-bedfe7e animated-slow elementor-invisible elementor-widget elementor-widget-text-editor\" data-id=\"bedfe7e\" data-element_type=\"widget\" data-settings=\"{&quot;_animation&quot;:&quot;fadeInLeft&quot;,&quot;_animation_delay&quot;:200}\" data-widget_type=\"text-editor.default\">\n\t\t\t\t<div class=\"elementor-widget-container\">\n\t\t\t\t\t\t\t\t\tBem-vindo \u00e0 apresenta\u00e7\u00e3o do nosso escrit\u00f3rio BARA\u00daNA Consultoria \u2013 Advogados Associados, especializado em assessoria e consultoria jur\u00eddica a pessoa f\u00edsica e jur\u00eddica na solu\u00e7\u00e3o de demandas judiciais e extrajudiciais de forma priorizar a satisfa\u00e7\u00e3o e valoriza\u00e7\u00e3o do cliente.\nComposto por uma equipe de profissionais parceiros experientes e dedicados, cujo o principal objetivo, temos como nosso principal objetivo, fornecer suporte jur\u00eddico amplo e solu\u00e7\u00f5es personalizadas para atender \u00e0s necessidades \u00fanicas de cada cliente, visando o tratamento diferenciado, conhecimento t\u00e9cnico-jur\u00eddico e resolu\u00e7\u00e3o do conflito de forma \u00e1gil e eficiente.\t\t\t\t\t\t\t\t<\/div>\n\t\t\t\t<\/div>\n\t\t\t\t<\/div>\n\t\t\t\t\t<\/div>\n\t\t\t\t<\/div>\n\t\t<div class=\"elementor-element elementor-element-9184e05 e-flex e-con-boxed e-con e-parent\" data-id=\"9184e05\" data-element_type=\"container\" data-settings=\"{&quot;background_background&quot;:&quot;classic&quot;}\">\n\t\t\t\t\t<div class=\"e-con-inner\">\n\t\t<div class=\"elementor-element elementor-element-8d697f3 e-con-full e-flex e-con e-child\" data-id=\"8d697f3\" data-element_type=\"container\">\n\t\t\t\t<div class=\"elementor-element elementor-element-13994a1 elementor-invisible elementor-widget elementor-widget-heading\" data-id=\"13994a1\" data-element_type=\"widget\" data-settings=\"{&quot;_animation&quot;:&quot;fadeInLeft&quot;}\" data-widget_type=\"heading.default\">\n\t\t\t\t<div class=\"elementor-widget-container\">\n\t\t\t\t\t<h2 class=\"elementor-heading-title elementor-size-default\">Izabel Cristina<\/h2>\t\t\t\t<\/div>\n\t\t\t\t<\/div>\n\t\t\t\t<div class=\"elementor-element elementor-element-84f8703 animated-slow elementor-invisible elementor-widget elementor-widget-text-editor\" data-id=\"84f8703\" data-element_type=\"widget\" data-settings=\"{&quot;_animation&quot;:&quot;fadeInLeft&quot;,&quot;_animation_delay&quot;:200}\" data-widget_type=\"text-editor.default\">\n\t\t\t\t<div class=\"elementor-widget-container\">\n\t\t\t\t\t\t\t\t\tIzabel Cristina Santos Bara\u00fana, advogada inscrita na Ordem dos Advogados do Brasil-RJ, sob o n\u00ba 103.145. Perfil empreendedor \u00e9 s\u00f3cia fundadora do Escrit\u00f3rio BARA\u00daNA Consultoria \u2013 Advogados Associados.\nAdvogada, P\u00f3s-graduada em Direito Civil e Processual Civil pela Universidade C\u00e2ndido Mendes \u2013 UCAM; P\u00f3s-graduada em Direito Imobili\u00e1rio e Doc\u00eancia do Ensino Superior pela Universidade C\u00e2ndido Mendes \u2013 UCAM; P\u00f3s-graduada em Media\u00e7\u00e3o de Conflitos com \u00eanfase em Direito de Fam\u00edlia &#8211; AVM Educacional.\nP\u00f3s-graduanda em Direito Previdenci\u00e1rio e Pr\u00e1tica Previdenci\u00e1ria.\nExpert em Condom\u00ednio, formada pelo Curso CNP &#8211; Condom\u00ednio na Pr\u00e1tica, em Forma\u00e7\u00e3o no Curso de S\u00edndicos e Gestores de Condom\u00ednio pelo CBEJUR\/Aprimora.\n\u00c9 advogada militante, atuante no Mercado Imobili\u00e1rio\/condominial com experi\u00eancia comprovada na presta\u00e7\u00e3o de servi\u00e7os de Assessoria Jur\u00eddica e Consultoria a Condom\u00ednios Edil\u00edcios no estado Rio de Janeiro.\nAtualmente \u00e9 Membro da CEX \u2013 Comunidade de Experts em Condom\u00ednio; P\u00f3s Graduanda em Intelig\u00eancia Artificial para advogados \u2013 EBP\u00d3S \u2013 Escola Brasileira de P\u00f3s Gradua\u00e7\u00e3o\n\n\nAdvogada Colaborativa e Mediadora S\u00eanior no Tribunal de Justi\u00e7a do Rio de Janeiro \u2013 CEJUSC Jacarepagu\u00e1.\nAtuou como Membro da Comiss\u00e3o de Media\u00e7\u00e3o de Conflitos da OAB\/RJ \u2013 32\u00aa Seccional.\t\t\t\t\t\t\t\t<\/div>\n\t\t\t\t<\/div>\n\t\t\t\t<\/div>\n\t\t<div class=\"elementor-element elementor-element-f2c819e e-con-full e-flex e-con e-child\" data-id=\"f2c819e\" data-element_type=\"container\">\n\t\t\t\t<div class=\"elementor-element elementor-element-1e8a9ed animated-slow elementor-invisible elementor-widget elementor-widget-image\" data-id=\"1e8a9ed\" data-element_type=\"widget\" data-settings=\"{&quot;_animation&quot;:&quot;fadeInUp&quot;}\" data-widget_type=\"image.default\">\n\t\t\t\t<div class=\"elementor-widget-container\">\n\t\t\t\t\t\t\t\t\t\t\t\t\t\t\t<img decoding=\"async\" src=\"https:\/\/baraunaadvogados.com.br\/wp-content\/uploads\/elementor\/thumbs\/izabelbarauna-r2oaurldndblwglyi7v4252r8kkb6q9xtvdd0ahe36.png\" title=\"izabelbarauna\" alt=\"izabelbarauna\" loading=\"lazy\" \/>\t\t\t\t\t\t\t\t\t\t\t\t\t\t\t<\/div>\n\t\t\t\t<\/div>\n\t\t\t\t<\/div>\n\t\t\t\t\t<\/div>\n\t\t\t\t<\/div>\n\t\t\t\t<\/div>\n\t\t","protected":false},"excerpt":{"rendered":"<p>Sobre n\u00f3s Quem somos Bem-vindo \u00e0 apresenta\u00e7\u00e3o do nosso escrit\u00f3rio BARA\u00daNA Consultoria \u2013 Advogados Associados, especializado em assessoria e consultoria jur\u00eddica a pessoa f\u00edsica e jur\u00eddica na solu\u00e7\u00e3o de demandas judiciais e extrajudiciais de forma priorizar a satisfa\u00e7\u00e3o e valoriza\u00e7\u00e3o do cliente. Composto por uma equipe de profissionais parceiros experientes e dedicados, cujo o principal [&hellip;]<\/p>\n","protected":false},"author":1,"featured_media":0,"parent":0,"menu_order":0,"comment_status":"closed","ping_status":"closed","template":"elementor_header_footer","meta":{"footnotes":""},"class_list":["post-186","page","type-page","status-publish","hentry"],"_links":{"self":[{"href":"https:\/\/baraunaadvogados.com.br\/index.php\/wp-json\/wp\/v2\/pages\/186","targetHints":{"allow":["GET"]}}],"collection":[{"href":"https:\/\/baraunaadvogados.com.br\/index.php\/wp-json\/wp\/v2\/pages"}],"about":[{"href":"https:\/\/baraunaadvogados.com.br\/index.php\/wp-json\/wp\/v2\/types\/page"}],"author":[{"embeddable":true,"href":"https:\/\/baraunaadvogados.com.br\/index.php\/wp-json\/wp\/v2\/users\/1"}],"replies":[{"embeddable":true,"href":"https:\/\/baraunaadvogados.com.br\/index.php\/wp-json\/wp\/v2\/comments?post=186"}],"version-history":[{"count":67,"href":"https:\/\/baraunaadvogados.com.br\/index.php\/wp-json\/wp\/v2\/pages\/186\/revisions"}],"predecessor-version":[{"id":843,"href":"https:\/\/baraunaadvogados.com.br\/index.php\/wp-json\/wp\/v2\/pages\/186\/revisions\/843"}],"wp:attachment":[{"href":"https:\/\/baraunaadvogados.com.br\/index.php\/wp-json\/wp\/v2\/media?parent=186"}],"curies":[{"name":"wp","href":"https:\/\/api.w.org\/{rel}","templated":true}]}}